{"id":18,"date":"2015-09-15T11:27:05","date_gmt":"2015-09-15T11:27:05","guid":{"rendered":"http:\/\/pixel-industry.com\/dummy_wp\/trucking\/?page_id=18"},"modified":"2019-06-26T20:49:00","modified_gmt":"2019-06-26T23:49:00","slug":"home","status":"publish","type":"page","link":"https:\/\/transportestrianon.com.br\/","title":{"rendered":"Home"},"content":{"rendered":"<section class='page-content' style=''  ><section class='container-fluid' style='padding-left: 0; padding-right: 0;'><div class='row' style='margin-bottom: 0px ;'><div class='col-md-12 ' style='margin-bottom:0px;margin-top:0px;padding-top:0px;padding-bottom:0px;' ><div class='cma-wysiwyg-editor'><p>\n\t\t<!-- MasterSlider -->\n\t\t<div id=\"P_MS69e2db7dae656\" class=\"master-slider-parent ms-parent-id-20\"  >\n\n\t\t\t\n\t\t\t<!-- MasterSlider Main -->\n\t\t\t<div id=\"MS69e2db7dae656\" class=\"master-slider ms-skin-default\" >\n\t\t\t\t \t\t\t\t \n\n\t\t\t<div  class=\"ms-slide\" data-delay=\"3\" data-fill-mode=\"fill\"   >\n\t\t\t\t\t<img src=\"https:\/\/transportestrianon.com.br\/wp-content\/plugins\/masterslider\/public\/assets\/css\/blank.gif\" alt=\"\" title=\"\" data-src=\"https:\/\/transportestrianon.com.br\/wp-content\/uploads\/2019\/06\/slide_01.png\" \/>\n\n\t\t\t\t\t<div  class=\"ms-layer  msp-cn-2-5\" style=\"\"   data-effect=\"t(true,-150,n,n,n,n,n,n,n,n,n,n,n,n,n)\" data-duration=\"600\" data-delay=\"1000\" data-ease=\"easeOutQuint\"                data-offset-x=\"0\" data-offset-y=\"437\" data-origin=\"tl\" data-position=\"normal\"  >\nDE PRODUTOS QU\u00cdMICOS<\/div>\n\n\t\t\t\t\t<div  class=\"ms-layer  msp-cn-2-4\" style=\"\"   data-effect=\"t(true,-150,n,n,n,n,n,n,n,n,n,n,n,n,n)\" data-duration=\"600\" data-delay=\"600\" data-ease=\"easeOutQuint\"                data-offset-x=\"0\" data-offset-y=\"372\" data-origin=\"tl\" data-position=\"normal\"  >\nEM DISTRIBUI\u00c7\u00c3O<\/div>\n\n\t\t\t\t\t<div  class=\"ms-layer  msp-cn-2-2\" style=\"\"   data-effect=\"t(true,-150,n,n,n,n,n,n,n,n,n,n,n,n,n)\" data-duration=\"700\" data-delay=\"425\" data-ease=\"easeOutQuint\"                data-offset-x=\"0\" data-offset-y=\"310\" data-origin=\"tl\" data-position=\"normal\"  >\nREFER\u00caNCIA<\/div>\n\n\t\t\t\t\t<img  class=\"ms-layer\" src=\"https:\/\/transportestrianon.com.br\/wp-content\/plugins\/masterslider\/public\/assets\/css\/blank.gif\" data-src=\"https:\/\/transportestrianon.com.br\/wp-content\/uploads\/2015\/10\/slider-line.jpg\" alt=\"\" style=\"\"  data-effect=\"t(true,-150,n,n,n,n,n,n,n,n,n,n,n,n,n)\" data-duration=\"600\" data-delay=\"200\" data-ease=\"easeOutQuint\"        data-type=\"image\"          data-offset-x=\"0\" data-offset-y=\"310\" data-origin=\"tl\" data-position=\"normal\" \/>\n\n\n\t\t\t\t<\/div>\n\t\t\t<div  class=\"ms-slide\" data-delay=\"3\" data-fill-mode=\"fill\"   >\n\t\t\t\t\t<img src=\"https:\/\/transportestrianon.com.br\/wp-content\/plugins\/masterslider\/public\/assets\/css\/blank.gif\" alt=\"\" title=\"\" data-src=\"https:\/\/transportestrianon.com.br\/wp-content\/uploads\/2019\/06\/utilitario_1.png\" \/>\n\n\t\t\t\t\t<div  class=\"ms-layer  msp-cn-2-9\" style=\"\"   data-effect=\"t(true,n,-150,n,n,n,n,n,n,n,n,n,n,n,n)\" data-duration=\"600\" data-delay=\"400\" data-ease=\"easeOutQuint\"                data-offset-x=\"220\" data-offset-y=\"766\" data-origin=\"tl\" data-position=\"normal\"  >\nCOM GRANDE FROTA CAMINH\u00d5ES E UTILIT\u00c1RIOS<\/div>\n\n\t\t\t\t\t<img  class=\"ms-layer\" src=\"https:\/\/transportestrianon.com.br\/wp-content\/plugins\/masterslider\/public\/assets\/css\/blank.gif\" data-src=\"https:\/\/transportestrianon.com.br\/wp-content\/uploads\/2015\/10\/slider-line.jpg\" alt=\"\" style=\"\"  data-effect=\"t(true,n,150,n,n,n,n,n,n,n,n,n,n,n,n)\" data-duration=\"600\" data-delay=\"200\" data-ease=\"easeOutQuint\"        data-type=\"image\"          data-offset-x=\"540\" data-offset-y=\"450\" data-origin=\"tl\" data-position=\"normal\" \/>\n\n\t\t\t\t\t<div  class=\"ms-layer  msp-cn-20-19\" style=\"\"   data-effect=\"t(true,n,-40,n,n,n,n,n,n,n,n,n,n,n,n)\" data-duration=\"600\"  data-ease=\"easeOutQuint\"                data-offset-x=\"0\" data-offset-y=\"281\" data-origin=\"mc\" data-position=\"normal\"  >\nmais de 40 anos<\/div>\n\n\n\t\t\t\t<\/div>\n\n\t\t\t<\/div>\n\t\t\t<!-- END MasterSlider Main -->\n\n\t\t\t \n\t\t<\/div>\n\t\t<!-- END MasterSlider -->\n\n\t\t<script>\n\t\t( window.MSReady = window.MSReady || [] ).push( function( $ ) {\n\n\t\t\t\"use strict\";\n\t\t\tvar masterslider_e656 = new MasterSlider();\n\n\t\t\t\/\/ slider controls\n\t\t\tmasterslider_e656.control('arrows'     ,{ autohide:true, overVideo:true  });\n\t\t\t\/\/ slider setup\n\t\t\tmasterslider_e656.setup(\"MS69e2db7dae656\", {\n\t\t\t\twidth           : 1140,\n\t\t\t\theight          : 854,\n\t\t\t\tminHeight       : 0,\n\t\t\t\tspace           : 0,\n\t\t\t\tstart           : 1,\n\t\t\t\tgrabCursor      : true,\n\t\t\t\tswipe           : true,\n\t\t\t\tmouse           : true,\n\t\t\t\tkeyboard        : false,\n\t\t\t\tlayout          : \"fullwidth\",\n\t\t\t\twheel           : false,\n\t\t\t\tautoplay        : true,\n                instantStartLayers:false,\n\t\t\t\tmobileBGVideo:false,\n\t\t\t\tloop            : false,\n\t\t\t\tshuffle         : false,\n\t\t\t\tpreload         : 'all',\n\t\t\t\theightLimit     : true,\n\t\t\t\tautoHeight      : false,\n\t\t\t\tsmoothHeight    : true,\n\t\t\t\tendPause        : false,\n\t\t\t\toverPause       : true,\n\t\t\t\tfillMode        : \"fill\",\n\t\t\t\tcenterControls  : false,\n\t\t\t\tstartOnAppear   : false,\n\t\t\t\tlayersMode      : \"center\",\n\t\t\t\tautofillTarget  : \"\",\n\t\t\t\thideLayers      : false,\n\t\t\t\tfullscreenMargin: 0,\n\t\t\t\tspeed           : 70,\n\t\t\t\tdir             : \"h\",\n\t\t\t\tparallaxMode    : 'swipe',\n\t\t\t\tview            : \"basic\"\n\t\t\t});\n\n\t\t\t\n\t\t\t$(\"head\").append( \"<link rel='stylesheet' id='ms-fonts'  href='\/\/fonts.googleapis.com\/css?family=Raleway:800,300' type='text\/css' media='all' \/>\" );\n\n\t\t\twindow.masterslider_instances = window.masterslider_instances || [];\n\t\t\twindow.masterslider_instances.push( masterslider_e656 );\n\t\t});\n\t\t<\/script>\n\n<\/p><\/div><\/div><\/div><\/section><\/section><section class='page-content' style=''  ><section class='container'><div class='row' style=''><div class='col-md-12 ' style='' ><div style='margin-top: 40px;' class=''><div class='custom-heading02'>\r\n                            <h2>O QUE OFERECEMOS<\/h2>\r\n                            <p>           <\/p>\r\n                        <\/div><\/div><\/div><\/div><div class='row' style=''><div class='col-md-6 ' style='' ><div class='services-element service-icon-left-boxed '>                            \r\n                                <div class='icon-container ' >\r\n                                    <img src='https:\/\/transportestrianon.com.br\/wp-content\/uploads\/2019\/06\/compromisso_1.svg' alt='icon'>\r\n                                    <\/div>\r\n\r\n                                <div class='service-details'>\r\n                                    <h4>Compromisso<\/h4>\r\n                                    <p>Satisfazer, oferecendo solu\u00e7\u00f5es, opera\u00e7\u00f5es de transporte em toda cadeia de valor, atuando de forma integrada entre colaboradores internos, parceiros, intermedi\u00e1rios e cliente.\nGerar resultados e reinvestir em tecnologia e qualifica\u00e7\u00e3o dos seus recursos humanos, contribuir com a preserva\u00e7\u00e3o do meio ambiente e com o desenvolvimento da sua comunidade, garantindo a lucratividade por meio da pr\u00e1tica de pre\u00e7os competitivos e da constante melhoria dos processos.<\/p>\r\n                                <\/div>                            \r\n                        <\/div><\/div><div class='col-md-6 ' style='' ><div class='services-element service-icon-left-boxed '>                            \r\n                                <div class='icon-container ' >\r\n                                    <img src='https:\/\/transportestrianon.com.br\/wp-content\/uploads\/2019\/06\/missao_1.svg' alt='icon'>\r\n                                    <\/div>\r\n\r\n                                <div class='service-details'>\r\n                                    <h4>Miss\u00e3o<\/h4>\r\n                                    <p>Administrar e viabilizar as opera\u00e7\u00f5es na movimenta\u00e7\u00e3o, transporte e distribui\u00e7\u00e3o do produto para a ind\u00fastria, com agilidade, competitividade e efici\u00eancia, excedendo as expectativas dos clientes, instigar orgulho em nossas pessoas , criar valores e compartilhar responsabilidade com nossos fornecedores.<\/p>\r\n                                <\/div>                            \r\n                        <\/div><\/div><\/div><div class='row' style=''><div class='col-md-6 ' style='' ><div class='services-element service-icon-left-boxed '>                            \r\n                                <div class='icon-container ' >\r\n                                    <img src='https:\/\/transportestrianon.com.br\/wp-content\/uploads\/2019\/06\/visao.svg' alt='icon'>\r\n                                    <\/div>\r\n\r\n                                <div class='service-details'>\r\n                                    <h4>Vis\u00e3o<\/h4>\r\n                                    <p>Ser uma empresa refer\u00eancia no segmento, elevar a marca Transportes Trianon ao sin\u00f4nimo de confian\u00e7a, pontualidade e controle sobre as opera\u00e7\u00f5es com lideran\u00e7a e qualidade de servi\u00e7os<\/p>\r\n                                <\/div>                            \r\n                        <\/div><\/div><div class='col-md-6 ' style='' ><div class='services-element service-icon-left-boxed '>                            \r\n                                <div class='icon-container ' >\r\n                                    <img src='https:\/\/transportestrianon.com.br\/wp-content\/uploads\/2019\/06\/valores_1.svg' alt='icon'>\r\n                                    <\/div>\r\n\r\n                                <div class='service-details'>\r\n                                    <h4>Valores<\/h4>\r\n                                    <p>Participar ativamente no controle das a\u00e7\u00f5es buscando integra\u00e7\u00e3o entre todas as interfaces envolvidas: clientes, funcion\u00e1rios, parceiros e colaboradores. Para que os princ\u00edpios sejam efetivos, valorizar:\n- \u00c9tica: Agir com inten\u00e7\u00f5es corporativas e pessoais equivalentes, buscando sempre o objetivo comum.\n- Honestidade: Agir sempre de boa f\u00e9, respeitando os direitos e deveres de todos.\n- Otimismo: Acreditar sempre, buscando alternativas criativas para atingir o sucesso.\n- Transpar\u00eancia: Conduzir suas a\u00e7\u00f5es de forma clara e expl\u00edcita facilitando o relacionamento m\u00fatuo.\n- Responsabilidade: Tomar decis\u00f5es e agir gerando confian\u00e7a em seus atos, estando ciente das conseq\u00fc\u00eancias dos mesmos.<\/p>\r\n                                <\/div>                            \r\n                        <\/div><\/div><\/div><\/section><\/section><section class='page-content pt-0 custom-background color-background dark' style='background-color: #2c3741;'  id='70'><section class='container-fluid' style='padding-left: 0; padding-right: 0;'><div class='row row-equal-height' style='margin-bottom: 0px ;'><div class='col-md-2  empty' style='padding-top:50px;padding-bottom:50px;' ><\/div><div class='col-md-4 ' style='padding-top:50px;padding-bottom:50px;' ><div class='custom-heading'>\r\n                            <h3>NOSSOS DIFERENCIAIS<\/h3>                            \r\n                        <\/div><div class='cma-wysiwyg-editor'><p>Possu\u00edmos diversas licen\u00e7as para realizar o transporte de cargas perigosas:<\/p><\/div><ul class='service-list clearfix white'><li>\r\n                                <div class='icon-container'>\r\n                                    <img src='https:\/\/transportestrianon.com.br\/wp-content\/uploads\/2015\/09\/pi-checklist-2.svg' alt='POLICIA CIVIL \/ POLICIA FEDERAL \/ BOMBEIROS \/ EXERCITO BRASILEIRO'>\r\n                                <\/div>\r\n\r\n                                <h4>POLICIA CIVIL \/ POLICIA FEDERAL \/ BOMBEIROS \/ EXERCITO BRASILEIRO<\/h4>\r\n                            <\/li><li>\r\n                                <div class='icon-container'>\r\n                                    <img src='https:\/\/transportestrianon.com.br\/wp-content\/uploads\/2019\/06\/pi-barcode-2.svg' alt='IBAMA'>\r\n                                <\/div>\r\n\r\n                                <h4>IBAMA<\/h4>\r\n                            <\/li><li>\r\n                                <div class='icon-container'>\r\n                                    <img src='https:\/\/transportestrianon.com.br\/wp-content\/uploads\/2019\/06\/pi-warehouse-2.svg' alt='ALVAR\u00c1 DE PRODUTOS CONTROLADOS'>\r\n                                <\/div>\r\n\r\n                                <h4>ALVAR\u00c1 DE PRODUTOS CONTROLADOS<\/h4>\r\n                            <\/li><li>\r\n                                <div class='icon-container'>\r\n                                    <img src='https:\/\/transportestrianon.com.br\/wp-content\/uploads\/2019\/06\/pi-truck-6.svg' alt='CERTIFICADO &quot;COTEC&quot; TRANSPORTE DE PRODUTOS CONTROLADOS'>\r\n                                <\/div>\r\n\r\n                                <h4>CERTIFICADO \"COTEC\" TRANSPORTE DE PRODUTOS CONTROLADOS<\/h4>\r\n                            <\/li><li>\r\n                                <div class='icon-container'>\r\n                                    <img src='https:\/\/transportestrianon.com.br\/wp-content\/uploads\/2019\/06\/pi-payment.svg' alt='LICEN\u00c7A LETPP'>\r\n                                <\/div>\r\n\r\n                                <h4>LICEN\u00c7A LETPP<\/h4>\r\n                            <\/li><\/ul><\/div><div class='col-md-6  empty custom-background image-background' style='background-image: url(https:\/\/transportestrianon.com.br\/wp-content\/uploads\/2019\/06\/caminhao_2.png);' ><\/div><\/div><\/section><\/section><section class='page-content custom-background color-background' style='background-color: #f6f6f6;'  ><section class='container-fluid'><div class='row' style=''><div class='col-md-12 ' style='' ><div class='carousel-container'><div class='image-carousel owl-carousel owl-buttons' data-play='1' data-timeout='2000' data-navigation='0' data-nav-type='bottom'><div class='owl-item'><img src='https:\/\/transportestrianon.com.br\/wp-content\/uploads\/bfi_thumb\/fujifilm_-o94zl0kswadek8pyzrsp1gqfgm32lz73ypjr3x29iq.png' alt='image'\/><\/div><div class='owl-item'><img src='https:\/\/transportestrianon.com.br\/wp-content\/uploads\/bfi_thumb\/BC-o9bzp4iw0evrcd5yvyxq051ohn3gooq1ta4u2ftos2.png' alt='image'\/><\/div><div class='owl-item'><img src='https:\/\/transportestrianon.com.br\/wp-content\/uploads\/bfi_thumb\/trionic_-o94zleodqswpee5hpfw3kv6cde5ktfr30nc1b2hcxe.png' alt='image'\/><\/div><div class='owl-item'><img src='https:\/\/transportestrianon.com.br\/wp-content\/uploads\/bfi_thumb\/pecval_-o94zldqjjyvf2s6uuxhh0devs0a7lqncoiojtsir3m.png' alt='image'\/><\/div><div class='owl-item'><img src='https:\/\/transportestrianon.com.br\/wp-content\/uploads\/bfi_thumb\/Sun_Chemical-o9bzp4iw0evrcd5yvyxq051ohn3gooq1ta4u2ftos2.png' alt='image'\/><\/div><div class='owl-item'><img src='https:\/\/transportestrianon.com.br\/wp-content\/uploads\/bfi_thumb\/horos-tintas_-o94zl91clsozgqdomdgc5wlkt2xdj94ozvf4feppyq.png' alt='image'\/><\/div><div class='owl-item'><img src='https:\/\/transportestrianon.com.br\/wp-content\/uploads\/bfi_thumb\/galstaff_-o94zl59zugju6aj58bttvxjqfjfwogprnct6iavanm.png' alt='image'\/><\/div><div class='owl-item'><img src='https:\/\/transportestrianon.com.br\/wp-content\/uploads\/bfi_thumb\/logoInapel_-o94zlcspd4u4r6880f2ufvnf6meue1jmce12cik59u.png' alt='image'\/><\/div><div class='owl-item'><img src='https:\/\/transportestrianon.com.br\/wp-content\/uploads\/bfi_thumb\/WPS-o9bzp5gq78x1nz4lqhcckmt530ytwdts5esbjpsalu.png' alt='image'\/><\/div><div class='owl-item'><img src='https:\/\/transportestrianon.com.br\/wp-content\/uploads\/bfi_thumb\/axalta_-o94zkgu6wrmdsfin719j33pqzisd4c0qvzuk13vj5e.png' alt='image'\/><\/div><\/div><\/div><\/div><\/div><\/section><\/section>\n","protected":false},"excerpt":{"rendered":"","protected":false},"author":1,"featured_media":0,"parent":0,"menu_order":0,"comment_status":"closed","ping_status":"closed","template":"","meta":{"inline_featured_image":false},"_links":{"self":[{"href":"https:\/\/transportestrianon.com.br\/index.php\/wp-json\/wp\/v2\/pages\/18"}],"collection":[{"href":"https:\/\/transportestrianon.com.br\/index.php\/wp-json\/wp\/v2\/pages"}],"about":[{"href":"https:\/\/transportestrianon.com.br\/index.php\/wp-json\/wp\/v2\/types\/page"}],"author":[{"embeddable":true,"href":"https:\/\/transportestrianon.com.br\/index.php\/wp-json\/wp\/v2\/users\/1"}],"replies":[{"embeddable":true,"href":"https:\/\/transportestrianon.com.br\/index.php\/wp-json\/wp\/v2\/comments?post=18"}],"version-history":[{"count":19,"href":"https:\/\/transportestrianon.com.br\/index.php\/wp-json\/wp\/v2\/pages\/18\/revisions"}],"predecessor-version":[{"id":776,"href":"https:\/\/transportestrianon.com.br\/index.php\/wp-json\/wp\/v2\/pages\/18\/revisions\/776"}],"wp:attachment":[{"href":"https:\/\/transportestrianon.com.br\/index.php\/wp-json\/wp\/v2\/media?parent=18"}],"curies":[{"name":"wp","href":"https:\/\/api.w.org\/{rel}","templated":true}]}}