{"id":142,"date":"2015-09-16T11:26:56","date_gmt":"2015-09-16T14:26:56","guid":{"rendered":"http:\/\/pixel-industry.com\/dummy_wp\/trucking\/?page_id=142"},"modified":"2019-06-27T22:05:23","modified_gmt":"2019-06-28T01:05:23","slug":"sobre-nos","status":"publish","type":"page","link":"https:\/\/transportestrianon.com.br\/index.php\/sobre-nos\/","title":{"rendered":"Sobre N\u00f3s"},"content":{"rendered":"<section class='page-content' style=''  ><section class='container-fluid' style='padding-left: 0; padding-right: 0;'><div class='row' style=''><div class='col-md-12 ' style='' ><div class='cma-wysiwyg-editor'><p>\n\t\t<!-- MasterSlider -->\n\t\t<div id=\"P_MS69e2f4b3c919c\" class=\"master-slider-parent ms-parent-id-22\"  >\n\n\t\t\t\n\t\t\t<!-- MasterSlider Main -->\n\t\t\t<div id=\"MS69e2f4b3c919c\" class=\"master-slider ms-skin-default\" >\n\t\t\t\t \t\t\t\t \n\n\t\t\t<div  class=\"ms-slide\" data-delay=\"3\" data-fill-mode=\"fill\"   >\n\t\t\t\t\t<img src=\"https:\/\/transportestrianon.com.br\/wp-content\/plugins\/masterslider\/public\/assets\/css\/blank.gif\" alt=\"\" title=\"caminhao_2\" data-src=\"https:\/\/transportestrianon.com.br\/wp-content\/uploads\/2019\/06\/caminhao_2.png\" \/>\n\n\n\t\t\t\t<\/div>\n\n\t\t\t<\/div>\n\t\t\t<!-- END MasterSlider Main -->\n\n\t\t\t \n\t\t<\/div>\n\t\t<!-- END MasterSlider -->\n\n\t\t<script>\n\t\t( window.MSReady = window.MSReady || [] ).push( function( $ ) {\n\n\t\t\t\"use strict\";\n\t\t\tvar masterslider_919c = new MasterSlider();\n\n\t\t\t\/\/ slider controls\n\t\t\tmasterslider_919c.control('arrows'     ,{ autohide:true, overVideo:true  });\n\t\t\t\/\/ slider setup\n\t\t\tmasterslider_919c.setup(\"MS69e2f4b3c919c\", {\n\t\t\t\twidth           : 1140,\n\t\t\t\theight          : 600,\n\t\t\t\tminHeight       : 0,\n\t\t\t\tspace           : 0,\n\t\t\t\tstart           : 1,\n\t\t\t\tgrabCursor      : true,\n\t\t\t\tswipe           : true,\n\t\t\t\tmouse           : true,\n\t\t\t\tkeyboard        : false,\n\t\t\t\tlayout          : \"fullwidth\",\n\t\t\t\twheel           : false,\n\t\t\t\tautoplay        : true,\n                instantStartLayers:false,\n\t\t\t\tmobileBGVideo:false,\n\t\t\t\tloop            : false,\n\t\t\t\tshuffle         : false,\n\t\t\t\tpreload         : 'all',\n\t\t\t\theightLimit     : true,\n\t\t\t\tautoHeight      : false,\n\t\t\t\tsmoothHeight    : true,\n\t\t\t\tendPause        : false,\n\t\t\t\toverPause       : true,\n\t\t\t\tfillMode        : \"fill\",\n\t\t\t\tcenterControls  : false,\n\t\t\t\tstartOnAppear   : false,\n\t\t\t\tlayersMode      : \"center\",\n\t\t\t\tautofillTarget  : \"\",\n\t\t\t\thideLayers      : false,\n\t\t\t\tfullscreenMargin: 0,\n\t\t\t\tspeed           : 70,\n\t\t\t\tdir             : \"h\",\n\t\t\t\tparallaxMode    : 'swipe',\n\t\t\t\tview            : \"basic\"\n\t\t\t});\n\n\t\t\t\n\t\t\twindow.masterslider_instances = window.masterslider_instances || [];\n\t\t\twindow.masterslider_instances.push( masterslider_919c );\n\t\t});\n\t\t<\/script>\n\n<\/p><\/div><\/div><\/div><\/section><\/section><section class='page-content' style=''  ><section class='container'><div class='row' style=''><div class='col-md-12 ' style='' ><div class='custom-heading02'>\r\n                            <h2>Quem N\u00f3s Somos<\/h2>\r\n                            <p>MAIS DO QUE APENAS UM MODELO DE TRANSPORTE<\/p>\r\n                        <\/div><div class='cma-wysiwyg-editor'><p style=\"text-align: center;\">V<span class=\"preto\">isando cada vez mais o aprimoramento da qualidade dos servi\u00e7os, implantou a partir de Agosto de 2005 o<\/span><strong>\u00a0<span class=\"vermelho1\">Sistema de Avalia\u00e7\u00e3o de Seguran\u00e7a, Sa\u00fade, Meio Ambiente e Qualidade \u2013 SASSMAQ<\/span><span id=\"preto\">,\u00a0<\/span><\/strong><span id=\"preto\">programa desenvolvido pela<\/span><strong>\u00a0<span class=\"vermelho1\">Comiss\u00e3o de Transportes da ABIQUIM.<\/span><\/strong><\/p><p class=\"azul1\" style=\"text-align: center;\"><strong>Pol\u00edtica do Sistema Integrado de Gest\u00e3o SSMAQ \u2013 Transportes Trianon<\/strong><br \/><strong>Buscar melhorias cont\u00ednua de nossos Processos de Trabalho e da compet\u00eancia profissional de nossos colaboradores diretos, para assegurar:<\/strong><\/p><ul><li style=\"text-align: center;\">A qualidade dos servi\u00e7os de transportes prestados.<\/li><li style=\"text-align: center;\">Correto atendimento das necessidades e requisitos de nossos clientes, a cada servi\u00e7o fretado.<\/li><li style=\"text-align: center;\">Cumprimento de todos os requisitos legais e regulamentares, referentes aos aspectos de seguran\u00e7a e sa\u00fade no trabalho e para a correta preserva\u00e7\u00e3o do meio ambiente.<\/li><\/ul><\/div><\/div><\/div><\/section><\/section><section class='page-content' style=''  ><section class='container-fluid' style='padding-left: 0; padding-right: 0;'><div class='row row-equal-height' style='margin-bottom: 0px ;'><div class='col-md-2  empty' style='' ><\/div><div class='col-md-4 ' style='padding-top:120px;padding-bottom:120px;padding-left:70px;padding-right:70px;' ><div class='custom-heading'>\r\n                            <h3>SISTEMA INTEGRADO DE GEST\u00c3O \u2013 SSMAQ<\/h3>                            \r\n                        <\/div><ul class='fa-ul default'><li><i class='fa fa-li fa fa-long-arrow-right'><\/i>Prevenir a ocorr\u00eancia de problemas e situa\u00e7\u00f5es indesej\u00e1veis que possam por em risco a carga, o patrim\u00f4nio, a vida e o meio ambiente;<\/li><li><i class='fa fa-li fa fa-long-arrow-right'><\/i>Manter ativo e aprimorar o Sistema Integrado de Gest\u00e3o \u2013 SSMAQ estabelecido, como parte fundamental de nossa estrat\u00e9gia de neg\u00f3cio;<\/li><li><i class='fa fa-li fa fa-long-arrow-right'><\/i>Manter a confian\u00e7a e se poss\u00edvel, aumentar a satisfa\u00e7\u00e3o de nossos clientes para com os servi\u00e7os prestados;<\/li><li><i class='fa fa-li fa fa-long-arrow-right'><\/i>Operar sempre em n\u00edvel de lucratividade que proporcione condi\u00e7\u00f5es de investimentos adequados para a manuten\u00e7\u00e3o e crescimento do neg\u00f3cio;<\/li><li><i class='fa fa-li fa fa-long-arrow-right'><\/i>Treinar, formar e desenvolver nossos colaboradores internos e externos, para que possam cada vez mais e melhor, desempenhar suas fun\u00e7\u00f5es na organiza\u00e7\u00e3o;<\/li><li><i class='fa fa-li fa fa-long-arrow-right'><\/i>Comprometer e envolver todos os nossos colaboradores diretos nos seus locais de trabalho, com a execu\u00e7\u00e3o de pr\u00e1ticas de trabalho respons\u00e1veis, no que se refere aos aspectos de seguran\u00e7a, sa\u00fade, qualidade e preserva\u00e7\u00e3o do meio ambiente;<\/li><li><i class='fa fa-li fa fa-long-arrow-right'><\/i>Assegurar condi\u00e7\u00f5es adequadas de seguran\u00e7a do patrim\u00f4nio da empresa e integridade f\u00edsica das pessoas, em nossas instala\u00e7\u00f5es.<\/li><\/ul><\/div><div class='col-md-6 custom-col-padding-both empty custom-background image-background' style='background-image: url(https:\/\/transportestrianon.com.br\/wp-content\/uploads\/2019\/06\/quimica.png);' ><\/div><\/div><\/section><\/section><section class='page-content' style=''  ><section class='container-fluid' style='padding-left: 0; padding-right: 0;'><div class='row row-equal-height' style='margin-bottom: 0px ;'><div class='col-md-6  empty custom-background image-background' style='background-image: url(https:\/\/transportestrianon.com.br\/wp-content\/uploads\/2019\/06\/logistica.png);' ><\/div><div class='col-md-4 ' style='padding-top:120px;padding-bottom:120px;padding-left:70px;padding-right:70px;' ><div class='custom-heading'>\r\n                            <h3>Licen\u00e7as e Certifica\u00e7\u00f5es<\/h3>                            \r\n                        <\/div><ul class='fa-ul large-icons theme-color-icons'><li>\r\n                                <div class='icon-container ' data-animate='zoomIn'>\r\n                                    <i class='fa fa-check-circle' ><\/i>\r\n                                <\/div>\r\n                                <div class='li-content'>\r\n                                    <h4>Alvar\u00e1 para Produtos Qu\u00edmicos Controlados (Pol\u00edcia Civil)<\/h4>\r\n                                    <p><\/p>\r\n                                <\/div>                                \r\n                            <\/li><li>\r\n                                <div class='icon-container ' data-animate='zoomIn'>\r\n                                    <i class='fa fa-check-circle' ><\/i>\r\n                                <\/div>\r\n                                <div class='li-content'>\r\n                                    <h4>Cadastro T\u00e9cnico Federal (Certificado de Regularidade \u2013 Ibama)<\/h4>\r\n                                    <p><\/p>\r\n                                <\/div>                                \r\n                            <\/li><li>\r\n                                <div class='icon-container ' data-animate='zoomIn'>\r\n                                    <i class='fa fa-check-circle' ><\/i>\r\n                                <\/div>\r\n                                <div class='li-content'>\r\n                                    <h4>Certificado de Registro Cadastral (Pol\u00edcia Federal)<\/h4>\r\n                                    <p><\/p>\r\n                                <\/div>                                \r\n                            <\/li><li>\r\n                                <div class='icon-container ' data-animate='zoomIn'>\r\n                                    <i class='fa fa-check-circle' ><\/i>\r\n                                <\/div>\r\n                                <div class='li-content'>\r\n                                    <h4>Certificado de Registro (Ex\u00e9rcito)<\/h4>\r\n                                    <p><\/p>\r\n                                <\/div>                                \r\n                            <\/li><li>\r\n                                <div class='icon-container ' data-animate='zoomIn'>\r\n                                    <i class='fa fa-check-circle' ><\/i>\r\n                                <\/div>\r\n                                <div class='li-content'>\r\n                                    <h4>Certificado de Acidente Zero (SOS \u2013Cotec)<\/h4>\r\n                                    <p><\/p>\r\n                                <\/div>                                \r\n                            <\/li><li>\r\n                                <div class='icon-container ' data-animate='zoomIn'>\r\n                                    <i class='fa fa-check-circle' ><\/i>\r\n                                <\/div>\r\n                                <div class='li-content'>\r\n                                    <h4>Certificado de Licen\u00e7a de Funcionamento (Pol\u00edcia Federal)<\/h4>\r\n                                    <p><\/p>\r\n                                <\/div>                                \r\n                            <\/li><li>\r\n                                <div class='icon-container ' data-animate='zoomIn'>\r\n                                    <i class='fa fa-check-circle' ><\/i>\r\n                                <\/div>\r\n                                <div class='li-content'>\r\n                                    <h4>CRNTRC<\/h4>\r\n                                    <p><\/p>\r\n                                <\/div>                                \r\n                            <\/li><li>\r\n                                <div class='icon-container ' data-animate='zoomIn'>\r\n                                    <i class='fa fa-check-circle' ><\/i>\r\n                                <\/div>\r\n                                <div class='li-content'>\r\n                                    <h4>Licen\u00e7a Especial Para Transporte de Produtos Perigosos (PMSP)<\/h4>\r\n                                    <p><\/p>\r\n                                <\/div>                                \r\n                            <\/li><\/ul><\/div><div class='col-md-2 empty' style='' ><\/div><\/div><\/section><\/section>\n","protected":false},"excerpt":{"rendered":"","protected":false},"author":1,"featured_media":0,"parent":0,"menu_order":0,"comment_status":"closed","ping_status":"closed","template":"","meta":{"inline_featured_image":false},"_links":{"self":[{"href":"https:\/\/transportestrianon.com.br\/index.php\/wp-json\/wp\/v2\/pages\/142"}],"collection":[{"href":"https:\/\/transportestrianon.com.br\/index.php\/wp-json\/wp\/v2\/pages"}],"about":[{"href":"https:\/\/transportestrianon.com.br\/index.php\/wp-json\/wp\/v2\/types\/page"}],"author":[{"embeddable":true,"href":"https:\/\/transportestrianon.com.br\/index.php\/wp-json\/wp\/v2\/users\/1"}],"replies":[{"embeddable":true,"href":"https:\/\/transportestrianon.com.br\/index.php\/wp-json\/wp\/v2\/comments?post=142"}],"version-history":[{"count":14,"href":"https:\/\/transportestrianon.com.br\/index.php\/wp-json\/wp\/v2\/pages\/142\/revisions"}],"predecessor-version":[{"id":866,"href":"https:\/\/transportestrianon.com.br\/index.php\/wp-json\/wp\/v2\/pages\/142\/revisions\/866"}],"wp:attachment":[{"href":"https:\/\/transportestrianon.com.br\/index.php\/wp-json\/wp\/v2\/media?parent=142"}],"curies":[{"name":"wp","href":"https:\/\/api.w.org\/{rel}","templated":true}]}}